{"id":115,"date":"2019-01-20T15:19:00","date_gmt":"2019-01-20T14:19:00","guid":{"rendered":"http:\/\/massage-tantrique-nimes.fr\/?page_id=115"},"modified":"2022-03-08T10:42:52","modified_gmt":"2022-03-08T09:42:52","slug":"accueil-2","status":"publish","type":"page","link":"https:\/\/massage-tantrique-nimes.fr\/?page_id=115","title":{"rendered":"MASSAGES"},"content":{"rendered":"\t\t<div data-elementor-type=\"wp-page\" data-elementor-id=\"115\" class=\"elementor elementor-115\">\n\t\t\t\t\t\t<section class=\"elementor-section elementor-top-section elementor-element elementor-element-318e770a elementor-section-boxed elementor-section-height-default elementor-section-height-default\" data-id=\"318e770a\" data-element_type=\"section\" data-e-type=\"section\">\n\t\t\t\t\t\t<div class=\"elementor-container elementor-column-gap-default\">\n\t\t\t\t\t<div class=\"elementor-column elementor-col-100 elementor-top-column elementor-element elementor-element-2f468b17\" data-id=\"2f468b17\" data-element_type=\"column\" data-e-type=\"column\">\n\t\t\t<div class=\"elementor-widget-wrap elementor-element-populated\">\n\t\t\t\t\t\t<section class=\"elementor-section elementor-inner-section elementor-element elementor-element-8aebddc elementor-section-boxed elementor-section-height-default elementor-section-height-default\" data-id=\"8aebddc\" data-element_type=\"section\" data-e-type=\"section\">\n\t\t\t\t\t\t<div class=\"elementor-container elementor-column-gap-default\">\n\t\t\t\t\t<div class=\"elementor-column elementor-col-100 elementor-inner-column elementor-element elementor-element-11e79b7\" data-id=\"11e79b7\" data-element_type=\"column\" data-e-type=\"column\">\n\t\t\t<div class=\"elementor-widget-wrap elementor-element-populated\">\n\t\t\t\t\t\t<div class=\"elementor-element elementor-element-654c7e4 elementor-widget elementor-widget-text-editor\" data-id=\"654c7e4\" data-element_type=\"widget\" data-e-type=\"widget\" data-widget_type=\"text-editor.default\">\n\t\t\t\t<div class=\"elementor-widget-container\">\n\t\t\t\t\t\t\t\t\t<p><em>\u00ab\u00a0Il n\u2019y a pas de mots pour d\u00e9crire ce qui se passe dans un massage tantrique : <strong>la danse des mains, la d\u00e9licatesse du toucher, l\u2019extr\u00eame sensibilit\u00e9 qui en \u00e9mane.\u00a0<\/strong><\/em><em>Il en d\u00e9coule un abandon de soi, un <strong>l\u00e2cher prise profond\u00a0<\/strong>qui permet de d\u00e9couvrir des aspects cach\u00e9s de nous m\u00eames. Les hommes d\u00e9couvrent des aspects de leur sensualit\u00e9 qu\u2019ils ne connaissaient peut-\u00eatre pas auparavant.\u00a0<\/em><\/p><p><em>Et les femmes se reconnectent \u00e0 ce qu\u2019elles ressentaient et savaient intimement au fond d\u2019elles-m\u00eames:<br \/><\/em><\/p><p><strong><em>\u00ab\u00a0Mon corps est un Temple Sacr\u00e9 \u00ab\u00a0<\/em><\/strong><em>.\u00a0<\/em><\/p><p><em>Le massage tantrique permet d\u2019aller bien au del\u00e0 du simple \u00ab\u00a0bien-\u00eatre\u00a0\u00bb,\u00a0 il se r\u00e9v\u00e8le \u00eatre un v\u00e9ritable <strong>baume de gu\u00e9rison pour le corps et l\u2019esprit<\/strong>, car il vient toucher notre sensibilit\u00e9 la plus profonde en ouvrant des portes vers des espaces inconnus\u00a0\u00bb &#8211; <\/em><em>Jacques Ferber<\/em><\/p>\t\t\t\t\t\t\t\t<\/div>\n\t\t\t\t<\/div>\n\t\t\t\t\t<\/div>\n\t\t<\/div>\n\t\t\t\t\t<\/div>\n\t\t<\/section>\n\t\t\t\t<section class=\"elementor-section elementor-inner-section elementor-element elementor-element-037faa7 elementor-section-boxed elementor-section-height-default elementor-section-height-default\" data-id=\"037faa7\" data-element_type=\"section\" data-e-type=\"section\">\n\t\t\t\t\t\t<div class=\"elementor-container elementor-column-gap-default\">\n\t\t\t\t\t<div class=\"elementor-column elementor-col-50 elementor-inner-column elementor-element elementor-element-2818edd\" data-id=\"2818edd\" data-element_type=\"column\" data-e-type=\"column\">\n\t\t\t<div class=\"elementor-widget-wrap elementor-element-populated\">\n\t\t\t\t\t\t<div class=\"elementor-element elementor-element-9a7f3da elementor-widget elementor-widget-image\" data-id=\"9a7f3da\" data-element_type=\"widget\" data-e-type=\"widget\" data-widget_type=\"image.default\">\n\t\t\t\t<div class=\"elementor-widget-container\">\n\t\t\t\t\t\t\t\t\t\t\t\t\t\t\t<img fetchpriority=\"high\" decoding=\"async\" width=\"438\" height=\"595\" src=\"https:\/\/massage-tantrique-nimes.fr\/wp-content\/uploads\/2022\/03\/87580476_874516202982646_2598547233754316800_n.jpg\" class=\"attachment-full size-full wp-image-539\" alt=\"\" srcset=\"https:\/\/massage-tantrique-nimes.fr\/wp-content\/uploads\/2022\/03\/87580476_874516202982646_2598547233754316800_n.jpg 438w, https:\/\/massage-tantrique-nimes.fr\/wp-content\/uploads\/2022\/03\/87580476_874516202982646_2598547233754316800_n-221x300.jpg 221w\" sizes=\"100vw\" \/>\t\t\t\t\t\t\t\t\t\t\t\t\t\t\t<\/div>\n\t\t\t\t<\/div>\n\t\t\t\t\t<\/div>\n\t\t<\/div>\n\t\t\t\t<div class=\"elementor-column elementor-col-50 elementor-inner-column elementor-element elementor-element-6758408\" data-id=\"6758408\" data-element_type=\"column\" data-e-type=\"column\">\n\t\t\t<div class=\"elementor-widget-wrap elementor-element-populated\">\n\t\t\t\t\t\t<div class=\"elementor-element elementor-element-e046e8f elementor-widget elementor-widget-text-editor\" data-id=\"e046e8f\" data-element_type=\"widget\" data-e-type=\"widget\" data-widget_type=\"text-editor.default\">\n\t\t\t\t<div class=\"elementor-widget-container\">\n\t\t\t\t\t\t\t\t\t<p><em>Je vous propose des massages&nbsp;<\/em><em>o\u00f9&nbsp;<strong>la m\u00e9ditation se joint au plaisir des sens<\/strong>.&nbsp;<\/em><em>V\u00e9ritable&nbsp;<strong>voyage au pays de l&rsquo;extase,&nbsp;<\/strong><\/em><em>votre corps s&rsquo;\u00e9veillera \u00e0 sa nature essentielle.&nbsp;<\/em><em>Vous vous sentirez plus p\u00e9tillant de vie&nbsp;<\/em><em>et rempli d&rsquo;une vibrante \u00e9nergie !&nbsp;<\/em>Qu&rsquo;est-ce qu&rsquo;un Massage Tantrique ?&nbsp;<em>\u00ab\u00a0Le massage tantrique est une <strong>ode \u00e0 la d\u00e9licatesse<\/strong>, au contact, \u00e0 l\u2019<strong>exp\u00e9rience extatique du corps&nbsp;<\/strong>qui retrouve son caract\u00e8re sacr\u00e9.&nbsp;<\/em><em>La caract\u00e9ristique d\u2019un massage tantrique est d\u2019\u00eatre <strong>lent et doux.\u00a0\u00bb<\/strong><\/em><\/p>\n<p><em>Il s\u2019effectue <strong>sur&nbsp;<\/strong><\/em><strong><em>une table de massage,&nbsp;<\/em><\/strong><em>dans un cadre apaisant propice \u00e0 la relaxation, \u00e0 la d\u00e9tente, ainsi qu\u2019au voyage int\u00e9rieur : musique douce et bougies marquent le caract\u00e8re spirituel, quoique tr\u00e8s corporel, de ce massage. <br><\/em><\/p>\t\t\t\t\t\t\t\t<\/div>\n\t\t\t\t<\/div>\n\t\t\t\t\t<\/div>\n\t\t<\/div>\n\t\t\t\t\t<\/div>\n\t\t<\/section>\n\t\t\t\t<div class=\"elementor-element elementor-element-6fe86e3 elementor-widget elementor-widget-text-editor\" data-id=\"6fe86e3\" data-element_type=\"widget\" data-e-type=\"widget\" data-widget_type=\"text-editor.default\">\n\t\t\t\t<div class=\"elementor-widget-container\">\n\t\t\t\t\t\t\t\t\t<p><em>M\u00eame s\u2019il peut y avoir des touchers plus appuy\u00e9s \u00e0 certains moments, ce massage<strong> \u00e0 caract\u00e8re subtil touche \u00e0 la fois le corps physique et le corps \u00ab\u00a0\u00e9nerg\u00e9tique\u00a0\u00bb<\/strong>, ce qui produit un remodelage corporel et psychique, au-del\u00e0 de ce que l&rsquo;on peut attendre d\u2019un massage relaxant.\u00a0<\/em><\/p><p><em>Tr\u00e8s diff\u00e9rent du massage traditionnel, il est effectu\u00e9 sur un corps\u00a0 nu <\/em><em><em>(traditionnellement mais les<\/em> sous v\u00eatements <\/em><i>peuvent \u00eatre gard\u00e9s) et il <\/i><strong style=\"font-style: italic;\">prend en compte l\u2019int\u00e9gralit\u00e9 du corps<\/strong><i>, y compris les organes g\u00e9nitaux.\u00a0<\/i><em>Ces derniers ne sont pas vus comme des zones \u00e9rog\u00e8nes qu\u2019il s\u2019agit d\u2019\u00e9viter ou d\u2019exciter, mais comme de simples zones sensibles du corps que l\u2019on masse avec la m\u00eame douceur que le ventre ou la t\u00eate. Bien qu\u2019il soit \u00ab\u00a0sensuel\u00a0\u00bb, car il d\u00e9veloppe les qualit\u00e9s de sensualit\u00e9 naturelle du corps, <strong>il n\u2019est pas pour autant \u00e9rotique et encore moins sexuel. <\/strong>Il\u00a0n\u2019y a en effet aucune volont\u00e9 d\u2019excitation (et encore moins de masturbation ou de rapport sexuel !)<br \/><\/em><\/p><p><em>Le toucher ne cherche pas \u00e0 exciter mais \u00e0 stimuler la sensibilit\u00e9 du corps afin que le mass\u00e9 puisse sentir le fr\u00e9missement de son propre corps,\u00a0<strong>la pl\u00e9nitude de son \u00eatre<\/strong>\u00a0lorsqu\u2019il est ainsi touch\u00e9.\u00a0<\/em><\/p><p>Ces massages sont sans but th\u00e9rapeutique, m\u00e9dical ou param\u00e9dical, et non sexuels. Si vous cherchez un massage \u00e9rotique, sexuel ou body-body, passez votre chemin&#8230;<\/p><p><!-- \/wp:button --><\/p>\t\t\t\t\t\t\t\t<\/div>\n\t\t\t\t<\/div>\n\t\t\t\t<div class=\"elementor-element elementor-element-db66fd5 elementor-button-info elementor-widget elementor-widget-button\" data-id=\"db66fd5\" data-element_type=\"widget\" data-e-type=\"widget\" data-widget_type=\"button.default\">\n\t\t\t\t<div class=\"elementor-widget-container\">\n\t\t\t\t\t\t\t\t\t<div class=\"elementor-button-wrapper\">\n\t\t\t\t\t<a class=\"elementor-button elementor-button-link elementor-size-sm\" href=\"http:\/\/massage-tantrique-nimes.fr\/?page_id=269\">\n\t\t\t\t\t\t<span class=\"elementor-button-content-wrapper\">\n\t\t\t\t\t\t<span class=\"elementor-button-icon\">\n\t\t\t\t<i aria-hidden=\"true\" class=\"far fa-check-square\"><\/i>\t\t\t<\/span>\n\t\t\t\t\t\t\t\t\t<span class=\"elementor-button-text\">Avant tout rendez-vous, merci de cliquer ici <\/span>\n\t\t\t\t\t<\/span>\n\t\t\t\t\t<\/a>\n\t\t\t\t<\/div>\n\t\t\t\t\t\t\t\t<\/div>\n\t\t\t\t<\/div>\n\t\t\t\t\t<\/div>\n\t\t<\/div>\n\t\t\t\t\t<\/div>\n\t\t<\/section>\n\t\t\t\t<\/div>\n\t\t","protected":false},"excerpt":{"rendered":"<p>\u00ab\u00a0Il n\u2019y a pas de mots pour d\u00e9crire ce qui se passe dans un massage tantrique : la danse des mains, la d\u00e9licatesse du toucher, l\u2019extr\u00eame sensibilit\u00e9 qui en \u00e9mane.\u00a0Il en d\u00e9coule un abandon de soi, un l\u00e2cher prise profond\u00a0qui permet de d\u00e9couvrir des aspects cach\u00e9s de nous m\u00eames. Les hommes d\u00e9couvrent des aspects de &hellip; <\/p>\n<p class=\"link-more\"><a href=\"https:\/\/massage-tantrique-nimes.fr\/?page_id=115\" class=\"more-link\">Continuer la lecture<span class=\"screen-reader-text\"> de &laquo;&nbsp;MASSAGES&nbsp;&raquo;<\/span><\/a><\/p>\n","protected":false},"author":1,"featured_media":0,"parent":0,"menu_order":0,"comment_status":"closed","ping_status":"closed","template":"","meta":{"footnotes":""},"class_list":["post-115","page","type-page","status-publish","hentry"],"_links":{"self":[{"href":"https:\/\/massage-tantrique-nimes.fr\/index.php?rest_route=\/wp\/v2\/pages\/115","targetHints":{"allow":["GET"]}}],"collection":[{"href":"https:\/\/massage-tantrique-nimes.fr\/index.php?rest_route=\/wp\/v2\/pages"}],"about":[{"href":"https:\/\/massage-tantrique-nimes.fr\/index.php?rest_route=\/wp\/v2\/types\/page"}],"author":[{"embeddable":true,"href":"https:\/\/massage-tantrique-nimes.fr\/index.php?rest_route=\/wp\/v2\/users\/1"}],"replies":[{"embeddable":true,"href":"https:\/\/massage-tantrique-nimes.fr\/index.php?rest_route=%2Fwp%2Fv2%2Fcomments&post=115"}],"version-history":[{"count":34,"href":"https:\/\/massage-tantrique-nimes.fr\/index.php?rest_route=\/wp\/v2\/pages\/115\/revisions"}],"predecessor-version":[{"id":562,"href":"https:\/\/massage-tantrique-nimes.fr\/index.php?rest_route=\/wp\/v2\/pages\/115\/revisions\/562"}],"wp:attachment":[{"href":"https:\/\/massage-tantrique-nimes.fr\/index.php?rest_route=%2Fwp%2Fv2%2Fmedia&parent=115"}],"curies":[{"name":"wp","href":"https:\/\/api.w.org\/{rel}","templated":true}]}}