{"id":160,"date":"2019-01-20T19:05:02","date_gmt":"2019-01-20T18:05:02","guid":{"rendered":"http:\/\/massage-tantrique-nimes.fr\/?page_id=160"},"modified":"2025-10-30T18:30:30","modified_gmt":"2025-10-30T17:30:30","slug":"tarifs","status":"publish","type":"page","link":"https:\/\/massage-tantrique-nimes.fr\/?page_id=160","title":{"rendered":"TARIFS"},"content":{"rendered":"\t\t<div data-elementor-type=\"wp-page\" data-elementor-id=\"160\" class=\"elementor elementor-160\">\n\t\t\t\t\t\t<section class=\"elementor-section elementor-top-section elementor-element elementor-element-2786af88 elementor-section-boxed elementor-section-height-default elementor-section-height-default\" data-id=\"2786af88\" data-element_type=\"section\" data-e-type=\"section\">\n\t\t\t\t\t\t<div class=\"elementor-container elementor-column-gap-default\">\n\t\t\t\t\t<div class=\"elementor-column elementor-col-100 elementor-top-column elementor-element elementor-element-382500bc\" data-id=\"382500bc\" data-element_type=\"column\" data-e-type=\"column\">\n\t\t\t<div class=\"elementor-widget-wrap elementor-element-populated\">\n\t\t\t\t\t\t<div class=\"elementor-element elementor-element-245f17c2 elementor-widget elementor-widget-text-editor\" data-id=\"245f17c2\" data-element_type=\"widget\" data-e-type=\"widget\" data-widget_type=\"text-editor.default\">\n\t\t\t\t<div class=\"elementor-widget-container\">\n\t\t\t\t\t\t\t\t\t<p><strong>Massage Solo :<\/strong>\u00a0<\/p>\n<p>Massage Tantrique sur table &#8211; dur\u00e9e 1h30 : \u00a0150\u20ac\u00a0<\/p>\n<p>Massage Cachemirien sur futon au sol (propos\u00e9 uniquement apr\u00e8s avoir re\u00e7u un premier massage sur table) &#8211; dur\u00e9e 1h30 \u00a0: 180\u20ac \u00a0 ou dur\u00e9e 2h : 210\u20ac<\/p>\n<p>\u00a0<\/p>\n<p><\/p>\n<p><strong>Massage Duo pour Couple :<\/strong> Les deux personnes sont mass\u00e9es en m\u00eame temps dans la m\u00eame pi\u00e8ce. ( Pour ce massage duo, je suis accompagn\u00e9 d&rsquo;Isabelle, praticienne en massage tantrique) &#8211; .\u00a0 Massage tantrique sur table . Dur\u00e9e\u00a0 1h30 : 400\u20ac<\/p>\n<p>\u00a0<\/p>\n<p><\/p>\n<div>\u00a0<\/div>\t\t\t\t\t\t\t\t<\/div>\n\t\t\t\t<\/div>\n\t\t\t\t<div class=\"elementor-element elementor-element-6c248f8 elementor-button-warning elementor-align-center elementor-widget elementor-widget-button\" data-id=\"6c248f8\" data-element_type=\"widget\" data-e-type=\"widget\" data-widget_type=\"button.default\">\n\t\t\t\t<div class=\"elementor-widget-container\">\n\t\t\t\t\t\t\t\t\t<div class=\"elementor-button-wrapper\">\n\t\t\t\t\t<a class=\"elementor-button elementor-button-link elementor-size-sm\" href=\"http:\/\/massage-tantrique-nimes.fr\/?page_id=269\">\n\t\t\t\t\t\t<span class=\"elementor-button-content-wrapper\">\n\t\t\t\t\t\t<span class=\"elementor-button-icon\">\n\t\t\t\t<i aria-hidden=\"true\" class=\"fas fa-hand-point-right\"><\/i>\t\t\t<\/span>\n\t\t\t\t\t\t\t\t\t<span class=\"elementor-button-text\">INFORMATION IMPORTANTE - A LIRE AVANT TOUT RENDEZ-VOUS<\/span>\n\t\t\t\t\t<\/span>\n\t\t\t\t\t<\/a>\n\t\t\t\t<\/div>\n\t\t\t\t\t\t\t\t<\/div>\n\t\t\t\t<\/div>\n\t\t\t\t\t<\/div>\n\t\t<\/div>\n\t\t\t\t\t<\/div>\n\t\t<\/section>\n\t\t\t\t<\/div>\n\t\t","protected":false},"excerpt":{"rendered":"<p>Massage Solo :\u00a0 Massage Tantrique sur table &#8211; dur\u00e9e 1h30 : \u00a0150\u20ac\u00a0 Massage Cachemirien sur futon au sol (propos\u00e9 uniquement apr\u00e8s avoir re\u00e7u un premier massage sur table) &#8211; dur\u00e9e 1h30 \u00a0: 180\u20ac \u00a0 ou dur\u00e9e 2h : 210\u20ac \u00a0 Massage Duo pour Couple : Les deux personnes sont mass\u00e9es en m\u00eame temps dans la &hellip; <\/p>\n<p class=\"link-more\"><a href=\"https:\/\/massage-tantrique-nimes.fr\/?page_id=160\" class=\"more-link\">Continuer la lecture<span class=\"screen-reader-text\"> de &laquo;&nbsp;TARIFS&nbsp;&raquo;<\/span><\/a><\/p>\n","protected":false},"author":1,"featured_media":0,"parent":0,"menu_order":0,"comment_status":"closed","ping_status":"closed","template":"","meta":{"footnotes":""},"class_list":["post-160","page","type-page","status-publish","hentry"],"_links":{"self":[{"href":"https:\/\/massage-tantrique-nimes.fr\/index.php?rest_route=\/wp\/v2\/pages\/160","targetHints":{"allow":["GET"]}}],"collection":[{"href":"https:\/\/massage-tantrique-nimes.fr\/index.php?rest_route=\/wp\/v2\/pages"}],"about":[{"href":"https:\/\/massage-tantrique-nimes.fr\/index.php?rest_route=\/wp\/v2\/types\/page"}],"author":[{"embeddable":true,"href":"https:\/\/massage-tantrique-nimes.fr\/index.php?rest_route=\/wp\/v2\/users\/1"}],"replies":[{"embeddable":true,"href":"https:\/\/massage-tantrique-nimes.fr\/index.php?rest_route=%2Fwp%2Fv2%2Fcomments&post=160"}],"version-history":[{"count":21,"href":"https:\/\/massage-tantrique-nimes.fr\/index.php?rest_route=\/wp\/v2\/pages\/160\/revisions"}],"predecessor-version":[{"id":566,"href":"https:\/\/massage-tantrique-nimes.fr\/index.php?rest_route=\/wp\/v2\/pages\/160\/revisions\/566"}],"wp:attachment":[{"href":"https:\/\/massage-tantrique-nimes.fr\/index.php?rest_route=%2Fwp%2Fv2%2Fmedia&parent=160"}],"curies":[{"name":"wp","href":"https:\/\/api.w.org\/{rel}","templated":true}]}}