{"id":338,"date":"2019-03-17T18:02:07","date_gmt":"2019-03-17T17:02:07","guid":{"rendered":"http:\/\/massage-tantrique-nimes.fr\/?page_id=338"},"modified":"2022-03-08T09:48:48","modified_gmt":"2022-03-08T08:48:48","slug":"charte-et-engagements","status":"publish","type":"page","link":"https:\/\/massage-tantrique-nimes.fr\/?page_id=338","title":{"rendered":"Charte et Engagements"},"content":{"rendered":"\t\t<div data-elementor-type=\"wp-page\" data-elementor-id=\"338\" class=\"elementor elementor-338\">\n\t\t\t\t\t\t<section class=\"elementor-section elementor-top-section elementor-element elementor-element-1ecea371 elementor-section-boxed elementor-section-height-default elementor-section-height-default\" data-id=\"1ecea371\" data-element_type=\"section\" data-e-type=\"section\">\n\t\t\t\t\t\t<div class=\"elementor-container elementor-column-gap-default\">\n\t\t\t\t\t<div class=\"elementor-column elementor-col-100 elementor-top-column elementor-element elementor-element-67381a92\" data-id=\"67381a92\" data-element_type=\"column\" data-e-type=\"column\">\n\t\t\t<div class=\"elementor-widget-wrap elementor-element-populated\">\n\t\t\t\t\t\t<div class=\"elementor-element elementor-element-43695a42 elementor-widget elementor-widget-text-editor\" data-id=\"43695a42\" data-element_type=\"widget\" data-e-type=\"widget\" data-widget_type=\"text-editor.default\">\n\t\t\t\t<div class=\"elementor-widget-container\">\n\t\t\t\t\t\t\t\t\t<p><\/p>\n<h2 class=\"wp-block-heading\"><strong>CHARTE et ENGAGEMENTS\u00a0 &#8211; STAGES TANTRA ENERGIE<\/strong><\/h2>\n<p><\/p>\n<p><\/p>\n<h2 class=\"wp-block-heading\"><strong>Objectifs<\/strong><\/h2>\n<p><\/p>\n<p><\/p>\n<p>Nos stages et ateliers sont \u00e0 destination des personnes souhaitant s\u2019engager dans une voie de d\u00e9veloppement personnel, leur permettant d\u2019aborder leur vie avec un regard diff\u00e9rent, dans la conscience et l\u2019\u00e9veil. Chacun s\u2019y engage librement, avec bienveillance, respect de lui-m\u00eame, respect des autres participants et des animateurs.\u00a0<\/p>\n<p><\/p>\n<p><\/p>\n<p>Le but est de d\u00e9velopper ses propres capacit\u00e9s \u00e0 traverser la vie, augmenter son bien-\u00eatre int\u00e9rieur, accroitre son bonheur, sa sagesse et harmoniser ses \u00e9changes avec les autres.\u00a0<\/p>\n<p><\/p>\n<p><\/p>\n<p>Nos stages s\u2019adressent \u00e0 toute personne physique majeure, ne revendiquant aucune appartenance \u00e0 un courant religieux, politique ou social. Chacun \u00e9tant libre de ses croyances, de ses pens\u00e9es et de sa vie, nos stages ne sont pas un lieu de pros\u00e9lytisme.\u00a0<\/p>\n<p><\/p>\n<p><\/p>\n<h2 class=\"wp-block-heading\"><strong>Engagements<\/strong><\/h2>\n<p><\/p>\n<p><\/p>\n<p>Nous nous engageons \u00e0 mettre en place un cadre s\u00e9curisant et d\u2019accompagnement n\u00e9cessaire \u00e0 votre r\u00e9alisation.<\/p>\n<p><\/p>\n<p><\/p>\n<p>Les pratiques propos\u00e9es visent \u00e0 induire des situations qui vous permettront de vous interroger sur vos ressentis et \u00e0 affronter vos peurs.\u00a0\u00a0Les animateurs vous accompagneront dans vos \u00e9motions et vous aideront \u00e0 d\u00e9passer vos craintes, dans le respect de votre libre arbitre. Aucun exercice n\u2019est impos\u00e9, juste propos\u00e9.\u00a0\u00a0<\/p>\n<p><\/p>\n<p><\/p>\n<p>Nos stages et ateliers font appel \u00e0 des danses, m\u00e9ditations, temps de respirations, groupes de paroles, exercices r\u00e9alis\u00e9s seul, \u00e0 deux ou en groupe. Certaines structures mettre en jeu une d\u00e9marche corporelle lib\u00e9r\u00e9e (ex\u00a0: nudit\u00e9 pour le massage tantrique). M\u00eame si les animateurs vous proposent d\u2019oser, chacun \u00e0 la libert\u00e9 \u00e0 tout moment d\u2019\u00f4ter ou de garder les v\u00eatements qui lui permettent de se sentir \u00e0 l\u2019aise et s\u00e9cure pour la pratique.\u00a0<\/p>\n<p><\/p>\n<p><\/p>\n<p>Pendant nos stages, aucun passage \u00e0 l\u2019acte (sexuel) n\u2019est propos\u00e9, ni autoris\u00e9. A ce propos, nous conseillons d\u2019\u00eatre en abstinence sexuelle durant toute la dur\u00e9e du stage, afin de conserver cette \u00e9nergie en soi, et de la ressentir s\u2019animer de mani\u00e8re diff\u00e9rente.<\/p>\n<p><\/p>\n<p><\/p>\n<p>Aucun comportement ou propos violents, agressifs ou discriminatoires ne seront accept\u00e9s. Tout participant ayant un comportement jug\u00e9 inad\u00e9quat sera imm\u00e9diatement exclu.\u00a0\u00a0<\/p>\n<p><\/p>\n<p><\/p>\n<p>Chaque participant s\u2019engage \u00e0 ne pas quitter une structure ou le stage sans en avoir discut\u00e9 pr\u00e9alablement avec\u00a0\u00a0les animateurs.\u00a0<\/p>\n<p><\/p>\n<p><\/p>\n<p>Les participants reconnaissent avoir re\u00e7u les informations n\u00e9cessaires \u00e0 la compr\u00e9hension des objectifs et du d\u00e9roul\u00e9 du stage (n\u2019h\u00e9sitez pas \u00e0 nous questionner, si ce n\u2019est pas clair pour vous), et sont conscients qu\u2019ils restent\u00a0\u00a0libres de leurs actes et \u00e9motions et que tout ce qui se passe pour eux au cours des stages est de leur enti\u00e8re responsabilit\u00e9.<\/p>\n<p><\/p>\n<p><\/p>\n<p>L\u2019inscription dans nos ateliers et stages n\u2019est pas automatique. Les animateurs se r\u00e9servent le droit de refuser l\u2019inscription de toute personne qu\u2019ils jugeraient dans l\u2019incapacit\u00e9 de suivre les enseignements ou dans une recherche personnelle incompatible avec le d\u00e9veloppement harmonieux du groupe. Si cet \u00e9tat de fait venait \u00e0 se r\u00e9v\u00e9ler au cours d\u2019un stage, le stagiaire pourrait se voir refuser de poursuivre son stage.\u00a0\u00a0<\/p>\n<p><\/p>\n<p><\/p>\n<p>Merci de nous signaler tout probl\u00e8me d\u2019ordre psychologique vous affectant (rupture r\u00e9cente, deuil, burn-out\u2026) susceptible de g\u00e9n\u00e9rer des r\u00e9actions durant le stage. De m\u00eame, si vous \u00eates sous traitement m\u00e9dicamenteux, merci de nous le signaler.<\/p>\n<p><\/p>\n<p><\/p>\n<h2 class=\"wp-block-heading\"><strong>Confidentialit\u00e9<\/strong><\/h2>\n<p><\/p>\n<p><\/p>\n<p>Les animateurs s\u2019engagent \u00e0 ne divulguer aucune information sur l\u2019identit\u00e9, la personnalit\u00e9, ou le comportement d\u2019une personne sans son accord pr\u00e9alable. Le d\u00e9roul\u00e9 des stages et le contenu des discussions au cours des groupes de parole restent strictement confidentiel. Chaque participant s\u2019engagera devant le groupe \u00e0 respecter cette confidentialit\u00e9 primordiale au bon d\u00e9roul\u00e9 du stage.<\/p>\n<p><\/p>\n<p><\/p>\n<h2 class=\"wp-block-heading\"><strong>Respect mutuel<\/strong><\/h2>\n<p><\/p>\n<p><\/p>\n<p>Les pratiques que nous proposons visent un \u00e9panouissement personnel et un \u00e9veil des qualit\u00e9s humaines de chacun. Dans ces conditions, nous apportons une attention particuli\u00e8re au respect de soi-m\u00eame, bienveillance envers les autres et envers le groupe.\u00a0<\/p>\n<p><\/p>\n<p><\/p>\n<p>Cela n\u00e9cessite, par\u00a0exemple:<\/p>\n<p><\/p>\n<p><\/p>\n<p>\u00b7\u00a0\u00a0\u00a0\u00a0\u00a0\u00a0Une hygi\u00e8ne corporelle irr\u00e9prochable (des douches sont \u00e0 disposition) et une tenue vestimentaire en accord avec structures propos\u00e9es.<\/p>\n<p><\/p>\n<p><\/p>\n<p>\u00b7\u00a0\u00a0\u00a0\u00a0\u00a0\u00a0Un respect des horaires, des temps de parole, mais aussi de l\u2019expression de chacun, de son v\u00e9cu, de ses difficult\u00e9s, sans jugement.<\/p>\n<p><\/p>\n<p><\/p>\n<p>\u00b7\u00a0\u00a0\u00a0\u00a0\u00a0\u00a0Une participation active aux moments de vie de groupe, \u00e0 minima pour maintenir le lieu propre et rang\u00e9. Apporter sa bonne humeur et sa bonne volont\u00e9 tout au long de la journ\u00e9e.\u00a0<\/p>\n<p><\/p>\n<p><\/p>\n<p>L\u2019alcool, les drogues et autres substances pouvant modifier l\u2019\u00e9tat de conscience sont formellement interdites pendant toute la dur\u00e9e du stage.<\/p>\n<p><\/p>\n<p><\/p>\n<h2 class=\"wp-block-heading\"><strong>Conditions de paiement\u00a0:<\/strong><\/h2>\n<p><\/p>\n<p><\/p>\n<p>L\u2019inscription devient ferme et d\u00e9finitive \u00e0 la r\u00e9ception des arrhes.<\/p>\n<p><\/p>\n<p><\/p>\n<p>En cas d\u2019annulation\u00a0:<\/p>\n<p><\/p>\n<p><\/p>\n<p>\u00b7\u00a0\u00a0\u00a0\u00a0\u00a0\u00a0Plus d\u2019un mois avant la date de d\u00e9but de stage\u00a0: remboursement des arrhes<\/p>\n<p><\/p>\n<p><\/p>\n<p>\u00b7\u00a0\u00a0\u00a0\u00a0\u00a0\u00a0Entre un mois et une semaine avant le stage\u00a0: les arrhes pourront \u00eatre rembours\u00e9es sous condition que le nombre maximum de participants soit atteint.<\/p>\n<p><\/p>\n<p><\/p>\n<p>\u00b7\u00a0\u00a0\u00a0\u00a0\u00a0\u00a0Moins d\u2019une semaine avant le stage, les arrhes sont encaiss\u00e9es.<\/p>\n<p><\/p>\n<p><\/p>\n<p>\u00b7\u00a0\u00a0\u00a0\u00a0\u00a0\u00a0D\u00e9part en cours de stage\u00a0: remboursement partiel, si justifi\u00e9.<\/p>\n<p><\/p>\n<p><\/p>\n<p>Dans tous les cas, l\u2019h\u00e9bergement\u00a0\u00a0(qui est r\u00e9serv\u00e9 \u00e0 l\u2019avance pour le groupe) est d\u00fb en totalit\u00e9.\u00a0\u00a0<\/p>\n<p><\/p>\t\t\t\t\t\t\t\t<\/div>\n\t\t\t\t<\/div>\n\t\t\t\t\t<\/div>\n\t\t<\/div>\n\t\t\t\t\t<\/div>\n\t\t<\/section>\n\t\t\t\t<\/div>\n\t\t","protected":false},"excerpt":{"rendered":"<p>CHARTE et ENGAGEMENTS\u00a0 &#8211; STAGES TANTRA ENERGIE Objectifs Nos stages et ateliers sont \u00e0 destination des personnes souhaitant s\u2019engager dans une voie de d\u00e9veloppement personnel, leur permettant d\u2019aborder leur vie avec un regard diff\u00e9rent, dans la conscience et l\u2019\u00e9veil. Chacun s\u2019y engage librement, avec bienveillance, respect de lui-m\u00eame, respect des autres participants et des animateurs.\u00a0 &hellip; <\/p>\n<p class=\"link-more\"><a href=\"https:\/\/massage-tantrique-nimes.fr\/?page_id=338\" class=\"more-link\">Continuer la lecture<span class=\"screen-reader-text\"> de &laquo;&nbsp;Charte et Engagements&nbsp;&raquo;<\/span><\/a><\/p>\n","protected":false},"author":1,"featured_media":0,"parent":0,"menu_order":0,"comment_status":"closed","ping_status":"closed","template":"","meta":{"footnotes":""},"class_list":["post-338","page","type-page","status-publish","hentry"],"_links":{"self":[{"href":"https:\/\/massage-tantrique-nimes.fr\/index.php?rest_route=\/wp\/v2\/pages\/338","targetHints":{"allow":["GET"]}}],"collection":[{"href":"https:\/\/massage-tantrique-nimes.fr\/index.php?rest_route=\/wp\/v2\/pages"}],"about":[{"href":"https:\/\/massage-tantrique-nimes.fr\/index.php?rest_route=\/wp\/v2\/types\/page"}],"author":[{"embeddable":true,"href":"https:\/\/massage-tantrique-nimes.fr\/index.php?rest_route=\/wp\/v2\/users\/1"}],"replies":[{"embeddable":true,"href":"https:\/\/massage-tantrique-nimes.fr\/index.php?rest_route=%2Fwp%2Fv2%2Fcomments&post=338"}],"version-history":[{"count":20,"href":"https:\/\/massage-tantrique-nimes.fr\/index.php?rest_route=\/wp\/v2\/pages\/338\/revisions"}],"predecessor-version":[{"id":519,"href":"https:\/\/massage-tantrique-nimes.fr\/index.php?rest_route=\/wp\/v2\/pages\/338\/revisions\/519"}],"wp:attachment":[{"href":"https:\/\/massage-tantrique-nimes.fr\/index.php?rest_route=%2Fwp%2Fv2%2Fmedia&parent=338"}],"curies":[{"name":"wp","href":"https:\/\/api.w.org\/{rel}","templated":true}]}}