{"id":58,"date":"2019-01-20T10:37:33","date_gmt":"2019-01-20T09:37:33","guid":{"rendered":"http:\/\/massage-tantrique-nimes.fr\/?page_id=58"},"modified":"2020-11-17T15:30:35","modified_gmt":"2020-11-17T14:30:35","slug":"a-propos-de","status":"publish","type":"page","link":"https:\/\/massage-tantrique-nimes.fr\/?page_id=58","title":{"rendered":"QUI SUIS-JE ?"},"content":{"rendered":"\t\t<div data-elementor-type=\"wp-page\" data-elementor-id=\"58\" class=\"elementor elementor-58\">\n\t\t\t\t\t\t<section class=\"elementor-section elementor-top-section elementor-element elementor-element-2bdd1e89 elementor-section-boxed elementor-section-height-default elementor-section-height-default\" data-id=\"2bdd1e89\" data-element_type=\"section\" data-e-type=\"section\">\n\t\t\t\t\t\t<div class=\"elementor-container elementor-column-gap-default\">\n\t\t\t\t\t<div class=\"elementor-column elementor-col-100 elementor-top-column elementor-element elementor-element-4ab7515e\" data-id=\"4ab7515e\" data-element_type=\"column\" data-e-type=\"column\">\n\t\t\t<div class=\"elementor-widget-wrap elementor-element-populated\">\n\t\t\t\t\t\t<div class=\"elementor-element elementor-element-57b074ac elementor-widget elementor-widget-text-editor\" data-id=\"57b074ac\" data-element_type=\"widget\" data-e-type=\"widget\" data-widget_type=\"text-editor.default\">\n\t\t\t\t<div class=\"elementor-widget-container\">\n\t\t\t\t\t\t\t\t\t<h3><strong>Gilles<\/strong><\/h3>\n<p><b>Praticien psychocorporel, certifi\u00e9 en sexo-analyse<\/b> (Alain H\u00e9ril \u2013 Indigo formation) <b>et en massage tantrique et cachemirien<\/b> (Jo\u00eblle Charles et Jacques Ferber). J&rsquo;ai \u00e9t\u00e9\u00a0leur assistant \u00e0 Tantra Int\u00e9gral pour les formations\u00a0de massage tantrique.<\/p>\n<p><img decoding=\"async\" class=\"alignleft\" src=\"http:\/\/massage-tantrique-nimes.fr\/wp-content\/uploads\/2019\/01\/Gilles-253x300.png\" alt=\"\" width=\"170\" height=\"202\" \/>Pratiquant d\u2019art martiaux depuis l\u2019adolescence (judo, ceinture noire de kendo), j&rsquo;ai exp\u00e9riment\u00e9 tr\u00e8s t\u00f4t la m\u00e9ditation za-zen avec un ma\u00eetre japonais qui m&rsquo;a r\u00e9v\u00e8l\u00e9 la dimension \u00e9nerg\u00e9tique et \u00ab\u00a0spirituelle\u00a0\u00bb de la connexion \u00e0 soi permettant la vraie relation aux autres.<\/p>\n<p>D\u2019une vie consacr\u00e9e \u00e0 sa famille et 25 ans de passion pour la recherche scientifique dans un groupe pharmaceutique, nait une \u00e9vidence, un besoin de vivre autrement le soin aux autres qui le conduit \u00e0 la d\u00e9couverte du<br \/>massage \u00e9nerg\u00e9tique Shiatsu (praticien Shiatsu m\u00e9thode Masunaga). Lors de cette formation, j&rsquo;ai v\u00e9cu une exp\u00e9rience personnelle int\u00e9rieure\u00a0tr\u00e8s intense.\u00a0<\/p>\n<p>La recherche personnelle de l\u2019utilisation des \u00e9nergies corporelles m&rsquo;a orient\u00e9 vers \u00a0le chamanisme, le tantra et le yoga que je pratique r\u00e9guli\u00e8rement. Tourn\u00e9 vers les autres et dot\u00e9 d\u2019une grande sensibilit\u00e9, je transmets au travers du massage tantrique l\u2019\u00e9nergie subtile des connexions de c\u0153ur.<\/p>\n<p>Anim\u00e9 par une force int\u00e9rieure, et apr\u00e8s un parcours de formations adapt\u00e9es, je d\u00e9missionne de mon poste en entreprise pour ouvrir \u00e0 Bellegarde (30127) un espace d\u00e9di\u00e9 \u00e0 la th\u00e9rapie du Couple et de l&rsquo;\u00catre, afin d&rsquo;accompagner les personnes sur la voie de l&rsquo;harmonie et du dialogue.<\/p>\n<p>En association avec Isabelle, praticienne en massage tantrique et cachemirien, nous proposons des massages duo pour couples et animons des ateliers d\u2019initiation au massage tantrique, ainsi que des formations priv\u00e9es pour couples et individuels\u2026<\/p>\n<p>\u00a0<\/p>\n<p><\/p>\n<h3 class=\"wp-block-heading\"><strong>Isabelle<\/strong><\/h3>\n<p><\/p>\n<p><\/p>\n<p><strong>Praticienne psychocorporelle, certifi\u00e9e en sexo-analyse<\/strong> (Alain H\u00e9ril &#8211; Indigo Formation) <strong>et en Massage Tantrique et Cachemirien<\/strong> (Jo\u00eblle Charles et Jacques Ferber). J\u2019ai \u00e9t\u00e9 leur assistante \u00e0 Tantra Int\u00e9gral pour les formations de massages tantriques.<\/p>\n<div>\n<figure><img decoding=\"async\" class=\"alignleft\" src=\"http:\/\/massage-tantrique-nimes.fr\/wp-content\/uploads\/2019\/01\/isabelle-massage-tantrique-tantra-aix-en-provence-marseille-bouches-du-rh\u00f4ne-paca-osho-jacques-ferber.jpg\" alt=\"\" width=\"165\" height=\"165\" \/>\u00a0 Passionn\u00e9e par l&rsquo;humain et la communication, sensible et grande gourmande de la vie, je choisis d\u2019abord la voie de la r\u00e9\u00e9ducation et de l\u2019enseignement, en France et \u00e0 l\u2019\u00e9tranger.\u00a0La maternit\u00e9 attise ma curiosit\u00e9 de l\u2019intime de l\u2019\u00catre et me pousse \u00e0 m\u2019engager sur une voie de d\u00e9veloppement personnel et spirituel aux multiples facettes : avec le chamanisme, la m\u00e9ditation, le yoga, la mise en forme sensuelle et artistique de mes \u00e9motions dans la sculpture, ma rencontre avec le Tantra est un tournant d\u00e9cisif &#8211; et p\u00e9tillant &#8211; dans ma vie : je d\u00e9couvre l\u2019\u00e9nergie transformatrice d\u2019une connexion authentique et libre avec l\u2019Autre et soi-m\u00eame,\u00a0et le cadeau d&rsquo;un toucher diff\u00e9rent et subtile qui relie \u00e0 l&rsquo;\u00e2me.<\/figure>\n<\/div>\n<p style=\"text-align: left;\">Accompagner les femmes et les hommes, d\u2019\u00eatre \u00e0 \u00eatre, sur leur chemin de r\u00e9alisation, d\u2019\u00e9panouissement et de gu\u00e9rison, fait alors sens pour moi et je quitte le param\u00e9dical pour ouvrir une autre voie de possibles.<\/p>\n<p>Aujourd\u2019hui, je me consacre au soin et \u00e0 la th\u00e9rapie du soi et du couple <em>(psychopraticienne en Sexo-Analyse, ma\u00eetre praticien en Hypnoth\u00e9rapie &amp; PNL, ma\u00eetre praticien Reiki, form\u00e9e \u00e0 la communication non-violente CNV et aux soins \u00e9nerg\u00e9tiques).<\/em><\/p>\n<p>Je suis honor\u00e9e de contribuer \u00e0 transmettre \u00e9nergie et conscience par le toucher du pr\u00e9cieux des corps et des c\u0153urs.<\/p>\n<p>Acc\u00e8s au site d\u2019Isabelle :\u00a0<a href=\"http:\/\/www.massagetantrique-aixenprovence.com\/\">www.massagetantrique-aixenprovence.com<\/a><\/p>\n<p><\/p>\n<p><\/p>\n<p>\u00a0<\/p>\n<p><\/p>\t\t\t\t\t\t\t\t<\/div>\n\t\t\t\t<\/div>\n\t\t\t\t\t<\/div>\n\t\t<\/div>\n\t\t\t\t\t<\/div>\n\t\t<\/section>\n\t\t\t\t<\/div>\n\t\t","protected":false},"excerpt":{"rendered":"<p>Gilles Praticien psychocorporel, certifi\u00e9 en sexo-analyse (Alain H\u00e9ril \u2013 Indigo formation) et en massage tantrique et cachemirien (Jo\u00eblle Charles et Jacques Ferber). J&rsquo;ai \u00e9t\u00e9\u00a0leur assistant \u00e0 Tantra Int\u00e9gral pour les formations\u00a0de massage tantrique. Pratiquant d\u2019art martiaux depuis l\u2019adolescence (judo, ceinture noire de kendo), j&rsquo;ai exp\u00e9riment\u00e9 tr\u00e8s t\u00f4t la m\u00e9ditation za-zen avec un ma\u00eetre japonais qui &hellip; <\/p>\n<p class=\"link-more\"><a href=\"https:\/\/massage-tantrique-nimes.fr\/?page_id=58\" class=\"more-link\">Continuer la lecture<span class=\"screen-reader-text\"> de &laquo;&nbsp;QUI SUIS-JE ?&nbsp;&raquo;<\/span><\/a><\/p>\n","protected":false},"author":1,"featured_media":0,"parent":0,"menu_order":0,"comment_status":"closed","ping_status":"closed","template":"","meta":{"footnotes":""},"class_list":["post-58","page","type-page","status-publish","hentry"],"_links":{"self":[{"href":"https:\/\/massage-tantrique-nimes.fr\/index.php?rest_route=\/wp\/v2\/pages\/58","targetHints":{"allow":["GET"]}}],"collection":[{"href":"https:\/\/massage-tantrique-nimes.fr\/index.php?rest_route=\/wp\/v2\/pages"}],"about":[{"href":"https:\/\/massage-tantrique-nimes.fr\/index.php?rest_route=\/wp\/v2\/types\/page"}],"author":[{"embeddable":true,"href":"https:\/\/massage-tantrique-nimes.fr\/index.php?rest_route=\/wp\/v2\/users\/1"}],"replies":[{"embeddable":true,"href":"https:\/\/massage-tantrique-nimes.fr\/index.php?rest_route=%2Fwp%2Fv2%2Fcomments&post=58"}],"version-history":[{"count":22,"href":"https:\/\/massage-tantrique-nimes.fr\/index.php?rest_route=\/wp\/v2\/pages\/58\/revisions"}],"predecessor-version":[{"id":499,"href":"https:\/\/massage-tantrique-nimes.fr\/index.php?rest_route=\/wp\/v2\/pages\/58\/revisions\/499"}],"wp:attachment":[{"href":"https:\/\/massage-tantrique-nimes.fr\/index.php?rest_route=%2Fwp%2Fv2%2Fmedia&parent=58"}],"curies":[{"name":"wp","href":"https:\/\/api.w.org\/{rel}","templated":true}]}}