{"id":61,"date":"2019-01-20T10:37:34","date_gmt":"2019-01-20T09:37:34","guid":{"rendered":"http:\/\/massage-tantrique-nimes.fr\/?page_id=61"},"modified":"2020-11-09T17:28:15","modified_gmt":"2020-11-09T16:28:15","slug":"une-section-de-page-daccueil","status":"publish","type":"page","link":"https:\/\/massage-tantrique-nimes.fr\/","title":{"rendered":"ACCUEIL"},"content":{"rendered":"\t\t<div data-elementor-type=\"wp-page\" data-elementor-id=\"61\" class=\"elementor elementor-61\">\n\t\t\t\t\t\t<section class=\"elementor-section elementor-top-section elementor-element elementor-element-7ed04af9 elementor-section-boxed elementor-section-height-default elementor-section-height-default\" data-id=\"7ed04af9\" data-element_type=\"section\" data-e-type=\"section\">\n\t\t\t\t\t\t<div class=\"elementor-container elementor-column-gap-default\">\n\t\t\t\t\t<div class=\"elementor-column elementor-col-100 elementor-top-column elementor-element elementor-element-5d56cffc\" data-id=\"5d56cffc\" data-element_type=\"column\" data-e-type=\"column\">\n\t\t\t<div class=\"elementor-widget-wrap elementor-element-populated\">\n\t\t\t\t\t\t<div class=\"elementor-element elementor-element-34fe0cd0 elementor-widget elementor-widget-text-editor\" data-id=\"34fe0cd0\" data-element_type=\"widget\" data-e-type=\"widget\" data-widget_type=\"text-editor.default\">\n\t\t\t\t<div class=\"elementor-widget-container\">\n\t\t\t\t\t\t\t\t\t<p><\/p>\n<p class=\"has-medium-font-size\">Toutes les formes de massages et de toucher associent le masseur et le mass\u00e9 dans la conscience du geste, avec un but pr\u00e9cis et programm\u00e9. Le corps devient source de bien \u00eatre, de plaisir et de contentement.<\/p>\n<p><\/p>\n<p><\/p>\n<p class=\"has-medium-font-size\">Mais il existe une autre forme de toucher, o\u00f9 le corps et la peau repr\u00e9sentent l\u2019espace de rencontre entre deux \u00eatres.<\/p>\n<p><\/p>\n<p><\/p>\n<p class=\"has-medium-font-size\">Le corps est mass\u00e9, touch\u00e9 avec une telle d\u00e9licatesse et une telle conscience qu\u2019il s\u2019ouvre \u00e0 un ressenti diff\u00e9rent.&nbsp; Le corps physique se rel\u00e2che, se d\u00e9tend et l&rsquo;esprit se calme. La conscience se d\u00e9veloppe, permettant&nbsp; la libre expression des \u00e9nergies subtiles. Le mass\u00e9 entre alors dans un voyage int\u00e9rieur, puis hors de son corps et du temps\u2026 Par la bienveillance, la pr\u00e9sence et la connexion du masseur, la personne mass\u00e9e se reconnecte \u00e0 elle-m\u00eame\u2026 \u00e0 sa source de vie. L\u2019humain exprime sa part divine, la contacte et s\u2019en trouve boulevers\u00e9.<\/p>\n<p><\/p>\n<p><\/p>\n<p><\/p>\t\t\t\t\t\t\t\t<\/div>\n\t\t\t\t<\/div>\n\t\t\t\t<div class=\"elementor-element elementor-element-00bce9d elementor-widget elementor-widget-text-editor\" data-id=\"00bce9d\" data-element_type=\"widget\" data-e-type=\"widget\" data-widget_type=\"text-editor.default\">\n\t\t\t\t<div class=\"elementor-widget-container\">\n\t\t\t\t\t\t\t\t\t<h2 class=\"has-text-color has-medium-font-size has-vivid-red-color\" style=\"text-align: center;\">L&rsquo;\u00eatre devient \u00e9l\u00e9ment de reliance de la terre et du ciel. C\u2019est ce que propose le toucher tantrique lors du massage\u2026<\/h2>\n<p><!-- \/wp:paragraph --><\/p>\n<p><!-- wp:paragraph {\"align\":\"center\",\"textColor\":\"vivid-red\",\"fontSize\":\"medium\"} --><\/p>\n<p class=\"has-text-color has-medium-font-size has-vivid-red-color\" style=\"text-align: center;\">Gilles<\/p>\n<p><!-- \/wp:paragraph --><\/p>\t\t\t\t\t\t\t\t<\/div>\n\t\t\t\t<\/div>\n\t\t\t\t\t<\/div>\n\t\t<\/div>\n\t\t\t\t\t<\/div>\n\t\t<\/section>\n\t\t\t\t<\/div>\n\t\t","protected":false},"excerpt":{"rendered":"<p>Toutes les formes de massages et de toucher associent le masseur et le mass\u00e9 dans la conscience du geste, avec un but pr\u00e9cis et programm\u00e9. Le corps devient source de bien \u00eatre, de plaisir et de contentement. Mais il existe une autre forme de toucher, o\u00f9 le corps et la peau repr\u00e9sentent l\u2019espace de rencontre &hellip; <\/p>\n<p class=\"link-more\"><a href=\"https:\/\/massage-tantrique-nimes.fr\/\" class=\"more-link\">Continuer la lecture<span class=\"screen-reader-text\"> de &laquo;&nbsp;ACCUEIL&nbsp;&raquo;<\/span><\/a><\/p>\n","protected":false},"author":1,"featured_media":0,"parent":0,"menu_order":0,"comment_status":"closed","ping_status":"closed","template":"","meta":{"footnotes":""},"class_list":["post-61","page","type-page","status-publish","hentry"],"_links":{"self":[{"href":"https:\/\/massage-tantrique-nimes.fr\/index.php?rest_route=\/wp\/v2\/pages\/61","targetHints":{"allow":["GET"]}}],"collection":[{"href":"https:\/\/massage-tantrique-nimes.fr\/index.php?rest_route=\/wp\/v2\/pages"}],"about":[{"href":"https:\/\/massage-tantrique-nimes.fr\/index.php?rest_route=\/wp\/v2\/types\/page"}],"author":[{"embeddable":true,"href":"https:\/\/massage-tantrique-nimes.fr\/index.php?rest_route=\/wp\/v2\/users\/1"}],"replies":[{"embeddable":true,"href":"https:\/\/massage-tantrique-nimes.fr\/index.php?rest_route=%2Fwp%2Fv2%2Fcomments&post=61"}],"version-history":[{"count":23,"href":"https:\/\/massage-tantrique-nimes.fr\/index.php?rest_route=\/wp\/v2\/pages\/61\/revisions"}],"predecessor-version":[{"id":466,"href":"https:\/\/massage-tantrique-nimes.fr\/index.php?rest_route=\/wp\/v2\/pages\/61\/revisions\/466"}],"wp:attachment":[{"href":"https:\/\/massage-tantrique-nimes.fr\/index.php?rest_route=%2Fwp%2Fv2%2Fmedia&parent=61"}],"curies":[{"name":"wp","href":"https:\/\/api.w.org\/{rel}","templated":true}]}}